{"id":9,"date":"2022-05-05T14:07:32","date_gmt":"2022-05-05T06:07:32","guid":{"rendered":"https:\/\/zyhktech.com\/?page_id=9"},"modified":"2026-02-28T16:57:21","modified_gmt":"2026-02-28T08:57:21","slug":"home","status":"publish","type":"page","link":"https:\/\/www.naisimachinery.com\/fr\/","title":{"rendered":"Accueil"},"content":{"rendered":"<div data-elementor-type=\"wp-page\" data-elementor-id=\"9\" class=\"elementor elementor-9\" data-elementor-post-type=\"page\">\n\t\t\t\t\t\t<section class=\"elementor-section elementor-top-section elementor-element elementor-element-5edffa8 elementor-section-full_width elementor-section-height-default elementor-section-height-default\" data-id=\"5edffa8\" data-element_type=\"section\">\n\t\t\t\t\t\t<div class=\"elementor-container elementor-column-gap-no\">\n\t\t\t\t\t<div class=\"elementor-column elementor-col-100 elementor-top-column elementor-element elementor-element-827551a\" data-id=\"827551a\" data-element_type=\"column\">\n\t\t\t<div class=\"elementor-widget-wrap elementor-element-populated\">\n\t\t\t\t\t\t<div class=\"elementor-element elementor-element-75888ec elementor--h-position-center elementor--v-position-middle elementor-arrows-position-inside elementor-pagination-position-inside elementor-widget elementor-widget-slides\" data-id=\"75888ec\" data-element_type=\"widget\" data-settings=\"{&quot;navigation&quot;:&quot;both&quot;,&quot;autoplay&quot;:&quot;yes&quot;,&quot;pause_on_hover&quot;:&quot;yes&quot;,&quot;pause_on_interaction&quot;:&quot;yes&quot;,&quot;autoplay_speed&quot;:5000,&quot;infinite&quot;:&quot;yes&quot;,&quot;transition&quot;:&quot;slide&quot;,&quot;transition_speed&quot;:500}\" data-widget_type=\"slides.default\">\n\t\t\t\t<div class=\"elementor-widget-container\">\n\t\t\t\t\t\t\t\t\t<div class=\"elementor-swiper\">\n\t\t\t\t\t<div class=\"elementor-slides-wrapper elementor-main-swiper swiper\" role=\"region\" aria-roledescription=\"carousel\" aria-label=\"Slides\" dir=\"ltr\" data-animation=\"fadeInUp\">\n\t\t\t\t<div class=\"swiper-wrapper elementor-slides\">\n\t\t\t\t\t\t\t\t\t\t<div class=\"elementor-repeater-item-1248e1e swiper-slide\" role=\"group\" aria-roledescription=\"slide\"><div class=\"swiper-slide-bg\" role=\"img\"><\/div><div class=\"swiper-slide-inner\" ><div class=\"swiper-slide-contents\"><\/div><\/div><\/div><div class=\"elementor-repeater-item-d5a6c8b swiper-slide\" role=\"group\" aria-roledescription=\"slide\"><div class=\"swiper-slide-bg\" role=\"img\"><\/div><div class=\"swiper-slide-inner\" ><div class=\"swiper-slide-contents\"><div class=\"elementor-slide-heading\">Slide Heading<\/div><div class=\"elementor-slide-description\">Lorem ipsum dolor sit amet, consectetur adipiscing elit. Ut elit tellus, luctus nec ullamcorper mattis, pulvinar dapibus leo.<\/div><div  class=\"elementor-button elementor-slide-button elementor-size-sm\">Click Here<\/div><\/div><\/div><\/div><div class=\"elementor-repeater-item-39a8a9e swiper-slide\" role=\"group\" aria-roledescription=\"slide\"><div class=\"swiper-slide-bg\" role=\"img\"><\/div><div class=\"swiper-slide-inner\" ><div class=\"swiper-slide-contents\"><div class=\"elementor-slide-heading\">Slide Heading<\/div><div class=\"elementor-slide-description\">Lorem ipsum dolor sit amet, consectetur adipiscing elit. Ut elit tellus, luctus nec ullamcorper mattis, pulvinar dapibus leo.<\/div><div  class=\"elementor-button elementor-slide-button elementor-size-sm\">Click Here<\/div><\/div><\/div><\/div>\t\t\t\t<\/div>\n\t\t\t\t\t\t\t\t\t\t\t\t\t\t\t<div class=\"swiper-pagination\"><\/div>\n\t\t\t\t\t\t\t\t\t\t\t\t\t\t\t\t<div class=\"elementor-swiper-button elementor-swiper-button-prev\" role=\"button\" tabindex=\"0\" aria-label=\"Previous slide\">\n\t\t\t\t\t\t\t<i aria-hidden=\"true\" class=\"eicon-chevron-left\"><\/i>\t\t\t\t\t\t<\/div>\n\t\t\t\t\t\t<div class=\"elementor-swiper-button elementor-swiper-button-next\" role=\"button\" tabindex=\"0\" aria-label=\"Next slide\">\n\t\t\t\t\t\t\t<i aria-hidden=\"true\" class=\"eicon-chevron-right\"><\/i>\t\t\t\t\t\t<\/div>\n\t\t\t\t\t\t\t\t\t\t\t\t<\/div>\n\t\t\t\t<\/div>\n\t\t\t\t\t\t\t\t<\/div>\n\t\t\t\t<\/div>\n\t\t\t\t\t<\/div>\n\t\t<\/div>\n\t\t\t\t\t<\/div>\n\t\t<\/section>\n\t\t\t\t<section class=\"elementor-section elementor-top-section elementor-element elementor-element-204db98 elementor-section-boxed elementor-section-height-default elementor-section-height-default\" data-id=\"204db98\" data-element_type=\"section\" data-settings=\"{&quot;background_background&quot;:&quot;classic&quot;}\">\n\t\t\t\t\t\t<div class=\"elementor-container elementor-column-gap-default\">\n\t\t\t\t\t<div class=\"elementor-column elementor-col-100 elementor-top-column elementor-element elementor-element-ea16887\" data-id=\"ea16887\" data-element_type=\"column\">\n\t\t\t<div class=\"elementor-widget-wrap elementor-element-populated\">\n\t\t\t\t\t\t<div class=\"elementor-element elementor-element-fe74466 elementor-widget elementor-widget-heading\" data-id=\"fe74466\" data-element_type=\"widget\" data-widget_type=\"heading.default\">\n\t\t\t\t<div class=\"elementor-widget-container\">\n\t\t\t\t\t<h3 class=\"elementor-heading-title elementor-size-default\">Centre de produits<\/h3>\t\t\t\t<\/div>\n\t\t\t\t<\/div>\n\t\t\t\t<div class=\"elementor-element elementor-element-073ea1a elementor-widget__width-initial elementor-widget elementor-widget-heading\" data-id=\"073ea1a\" data-element_type=\"widget\" data-widget_type=\"heading.default\">\n\t\t\t\t<div class=\"elementor-widget-container\">\n\t\t\t\t\t<p class=\"elementor-heading-title elementor-size-default\">Our company mainly produces and sells various filling machines, capping machines, labeling machines and sealing machines. We also have the capability to design production lines. Our products are mainly applied in the food and beverage, and daily chemical industries.<\/p>\t\t\t\t<\/div>\n\t\t\t\t<\/div>\n\t\t\t\t<section class=\"elementor-section elementor-inner-section elementor-element elementor-element-285f9bd elementor-section-boxed elementor-section-height-default elementor-section-height-default\" data-id=\"285f9bd\" data-element_type=\"section\">\n\t\t\t\t\t\t<div class=\"elementor-container elementor-column-gap-default\">\n\t\t\t\t\t<div class=\"elementor-column elementor-col-50 elementor-inner-column elementor-element elementor-element-92c5863\" data-id=\"92c5863\" data-element_type=\"column\" data-settings=\"{&quot;background_background&quot;:&quot;classic&quot;}\">\n\t\t\t<div class=\"elementor-widget-wrap elementor-element-populated\">\n\t\t\t\t\t\t<div class=\"elementor-element elementor-element-87751a1 elementor-widget__width-auto elementor-widget elementor-widget-heading\" data-id=\"87751a1\" data-element_type=\"widget\" data-widget_type=\"heading.default\">\n\t\t\t\t<div class=\"elementor-widget-container\">\n\t\t\t\t\t<h4 class=\"elementor-heading-title elementor-size-default\">Cat\u00e9gories de produits<\/h4>\t\t\t\t<\/div>\n\t\t\t\t<\/div>\n\t\t\t\t<div class=\"elementor-element elementor-element-a9ecc0b elementor-widget-divider--view-line elementor-widget elementor-widget-divider\" data-id=\"a9ecc0b\" data-element_type=\"widget\" data-widget_type=\"divider.default\">\n\t\t\t\t<div class=\"elementor-widget-container\">\n\t\t\t\t\t\t\t<div class=\"elementor-divider\">\n\t\t\t<span class=\"elementor-divider-separator\">\n\t\t\t\t\t\t<\/span>\n\t\t<\/div>\n\t\t\t\t\t\t<\/div>\n\t\t\t\t<\/div>\n\t\t\t\t<div class=\"elementor-element elementor-element-a009b7c menu-product-categories elementor-widget elementor-widget-ucaddon_simple_list_menu\" data-id=\"a009b7c\" data-element_type=\"widget\" data-widget_type=\"ucaddon_simple_list_menu.default\">\n\t\t\t\t<div class=\"elementor-widget-container\">\n\t\t\t\t\t\n<!-- start List Menu -->\n\t\t<link id='font-awesome-css' href='https:\/\/www.naisimachinery.com\/wp-content\/plugins\/unlimited-elements-for-elementor-premium\/assets_libraries\/font-awesome6\/fontawesome-all.min.css' type='text\/css' rel='stylesheet' >\n\t\t<link id='font-awesome-4-shim-css' href='https:\/\/www.naisimachinery.com\/wp-content\/plugins\/unlimited-elements-for-elementor-premium\/assets_libraries\/font-awesome6\/fontawesome-v4-shims.min.css' type='text\/css' rel='stylesheet' >\n\n<style>\/* widget: List Menu *\/\n\n#uc_simple_list_menu_elementor_a009b7c\n{\n  text-align:left;\n}\n#uc_simple_list_menu_elementor_a009b7c ul\n{\n  padding:0;\n  list-style:none;\n  margin:0;\n}\n\n#uc_simple_list_menu_elementor_a009b7c ul li\n{\n  padding:0;\n  list-style:none;\n  margin:0;\n}\n\n#uc_simple_list_menu_elementor_a009b7c ul li.current_page_item\n{\n  background-color:;\n}\n\n#uc_simple_list_menu_elementor_a009b7c ul ul li.current_page_item\n{\n  background-color:;\n}\n\n#uc_simple_list_menu_elementor_a009b7c ul ul ul li.current_page_item\n{\n  background-color:#e6e6e6;\n}\n\n#uc_simple_list_menu_elementor_a009b7c ul li:last-child\n{\n  border-bottom:none;\n}\n\n#uc_simple_list_menu_elementor_a009b7c ul li a\n{\n  text-decoration:none;\n  display:block;\n}\n\n\n\n<\/style>\n\n<div id=\"uc_simple_list_menu_elementor_a009b7c\" class=\"simple_list_menu\">\n<div class=\"uc-list-menu\"><ul>\n<li class=\"page_item page-item-16 page_item_has_children menu-item menu-item-has-children\"><a href=\"https:\/\/www.naisimachinery.com\/fr\/about-us\" class=\"menu-link\">\u00c0 propos de nous<\/a>\n<ul class='children'>\n\t<li class=\"page_item page-item-18 menu-item\"><a href=\"https:\/\/www.naisimachinery.com\/fr\/about-us\/career\" class=\"menu-link\">Carri\u00e8re<\/a><\/li>\n\t<li class=\"page_item page-item-20 menu-item\"><a href=\"https:\/\/www.naisimachinery.com\/fr\/about-us\/corporate-culture\" class=\"menu-link\">Culture d'entreprise<\/a><\/li>\n<\/ul>\n<\/li>\n<li class=\"page_item page-item-22 menu-item\"><a href=\"https:\/\/www.naisimachinery.com\/fr\/contact-us\" class=\"menu-link\">Nous contacter<\/a><\/li>\n<li class=\"page_item page-item-9 menu-item\"><a href=\"https:\/\/www.naisimachinery.com\/fr\/\" class=\"menu-link\">Accueil<\/a><\/li>\n<\/ul><\/div>\n\n<\/div>\n<!-- end List Menu -->\t\t\t\t<\/div>\n\t\t\t\t<\/div>\n\t\t\t\t\t<\/div>\n\t\t<\/div>\n\t\t\t\t<div class=\"elementor-column elementor-col-50 elementor-inner-column elementor-element elementor-element-ee8c04a\" data-id=\"ee8c04a\" data-element_type=\"column\">\n\t\t\t<div class=\"elementor-widget-wrap elementor-element-populated\">\n\t\t\t\t\t\t<div class=\"elementor-element elementor-element-30c0430 elementor-widget elementor-widget-ucaddon_post_grid\" data-id=\"30c0430\" data-element_type=\"widget\" data-widget_type=\"ucaddon_post_grid.default\">\n\t\t\t\t<div class=\"elementor-widget-container\">\n\t\t\t\t\t\n<!-- start Post Grid -->\n\n<style>\/* widget: Post Grid *\/\n\n#uc_post_grid_elementor_30c0430.uc_post_grid_style_one .uc_post_grid_style_one_wrap {\n   display:grid;\n}\n\n#uc_post_grid_elementor_30c0430 .uc_post_grid_style_one_item\n{\n  overflow:hidden;\n  position:relative;\n}\n\n#uc_post_grid_elementor_30c0430 .uc_post_image\n{\n  background-position:center;\n  transition:0.3s;\n  background-repeat:no-repeat;\n  position:relative;\n}\n\n#uc_post_grid_elementor_30c0430 .uc_post_image_overlay\n{\n  position:absolute;\n  top:0px;\n  left:0px;\n  height:100%;\n  width:100%;\n  transition:0.3s;\n}\n\n#uc_post_grid_elementor_30c0430 .uc_more_btn{\n\n  display:inline-block;\n  text-align:center;\n  text-decoration:none;\n  transition:0.3s;\n}\n\n.ue-grid-item-category a\n{\n  display:inline-block;\n  font-size:10px;\n  \n}\n\n.uc_post_title\n{\n  font-size:21px;\n}\n\n\n#uc_post_grid_elementor_30c0430 .ue_post_grid_item\n{\n  display:flex;\n  flex-direction:column;\n}\n\n#uc_post_grid_elementor_30c0430.uc_post_grid_style_one .uc_content{\n flex-grow:1;\n}\n\n#uc_post_grid_elementor_30c0430.uc_post_grid_style_one .uc_content > div\n{\n  height:100%;\n  display:flex;\n  flex-direction:column;\n}\n\n#uc_post_grid_elementor_30c0430 .uc_post_button\n{\n  margin-top:auto;\n}\n\n\n\n\n\n\n\n\n\n\n\n\n\n\n\n\n\n\n\n\n\n\n\n\n#uc_post_grid_elementor_30c0430 .ue-meta-data\n{\n  \n  display:flex;\n\n  flex-wrap: wrap;\n  line-height:1em;\n}\n\n#uc_post_grid_elementor_30c0430 .ue-grid-item-meta-data\n{\n      display:inline-flex;\n      align-items:center;\n}\n\n.ue-grid-item-meta-data\n{\n  font-size:12px;\n}\n\n#uc_post_grid_elementor_30c0430 .ue-grid-item-meta-data-icon\n{\n  line-height:1em;\n}\n\n#uc_post_grid_elementor_30c0430 .ue-grid-item-meta-data-icon svg\n{\n  width:1em;\n  height:1em;\n}\n\n#uc_post_grid_elementor_30c0430 .ue-debug-meta\n{\n  padding:10px;\n  border:1px solid red;\n  position:relative;\n  line-height:1.5em;\n  font-size:11px;\n  width:100%;\n}\n\n<\/style>\n\n<div class=\"uc_post_grid_style_one\" id=\"uc_post_grid_elementor_30c0430\"  >\n\t\t<div class=\"uc_post_grid_style_one_wrap ue_post_grid uc-items-wrapper\">\n\t\t\t<br \/>\n<b>Warning<\/b>:  Undefined array key 0 in <b>\/www\/wwwroot\/naisimachinery.com\/wp-content\/themes\/astra-child\/functions.php<\/b> on line <b>166<\/b><br \/>\n\n\n\n<div class=\"uc_post_grid_style_one_item ue_post_grid_item ue-item\">\n  \n   <a class=\"uc_post_grid_style_one_image\" href=\"https:\/\/www.naisimachinery.com\/fr\/product\/single-head-rotary-capping-machine\">\n   <div class=\"uc_post_image\" style=\"background-image: url(                                                               https:\/\/www.naisimachinery.com\/wp-content\/uploads\/2026\/02\/capping-machine-2.jpg                                                            )\">\n     <div class=\"uc_post_image_overlay\"><\/div>\n   <\/div>\n  <\/a>\n   \n <div class=\"uc_content\">\n    <div>\n      \n           \n    \n  \n      \n      \n    <div class=\"uc_post_title\"><a href=\"https:\/\/www.naisimachinery.com\/fr\/product\/single-head-rotary-capping-machine\"><div>Capsuleuse rotative \u00e0 une t\u00eate<\/div><\/a><\/div>\t\n    \n     \n     \n          <div class=\"ue-meta-data\">\n                        \n                        \n            \n                        \n                        \n                        \n                        \n            \t\t\t\n              \n            \n          <\/div>\n     \n      \n      \n      \n          \t<\/div>\n  <\/div>\n<\/div>\n<br \/>\n<b>Warning<\/b>:  Undefined array key 0 in <b>\/www\/wwwroot\/naisimachinery.com\/wp-content\/themes\/astra-child\/functions.php<\/b> on line <b>166<\/b><br \/>\n\n\n\n<div class=\"uc_post_grid_style_one_item ue_post_grid_item ue-item\">\n  \n   <a class=\"uc_post_grid_style_one_image\" href=\"https:\/\/www.naisimachinery.com\/fr\/product\/desktop-automatic-capping-machine\">\n   <div class=\"uc_post_image\" style=\"background-image: url(                                                               https:\/\/www.naisimachinery.com\/wp-content\/uploads\/2026\/02\/capper-1.jpg                                                            )\">\n     <div class=\"uc_post_image_overlay\"><\/div>\n   <\/div>\n  <\/a>\n   \n <div class=\"uc_content\">\n    <div>\n      \n           \n    \n  \n      \n      \n    <div class=\"uc_post_title\"><a href=\"https:\/\/www.naisimachinery.com\/fr\/product\/desktop-automatic-capping-machine\"><div>Capsuleuse automatique de bureau<\/div><\/a><\/div>\t\n    \n     \n     \n          <div class=\"ue-meta-data\">\n                        \n                        \n            \n                        \n                        \n                        \n                        \n            \t\t\t\n              \n            \n          <\/div>\n     \n      \n      \n      \n          \t<\/div>\n  <\/div>\n<\/div>\n<br \/>\n<b>Warning<\/b>:  Undefined array key 0 in <b>\/www\/wwwroot\/naisimachinery.com\/wp-content\/themes\/astra-child\/functions.php<\/b> on line <b>166<\/b><br \/>\n\n\n\n<div class=\"uc_post_grid_style_one_item ue_post_grid_item ue-item\">\n  \n   <a class=\"uc_post_grid_style_one_image\" href=\"https:\/\/www.naisimachinery.com\/fr\/product\/semi-automatic-vacuum-capping-machine\">\n   <div class=\"uc_post_image\" style=\"background-image: url(                                                               https:\/\/www.naisimachinery.com\/wp-content\/uploads\/2026\/02\/Vacuum-capper-4.jpg                                                            )\">\n     <div class=\"uc_post_image_overlay\"><\/div>\n   <\/div>\n  <\/a>\n   \n <div class=\"uc_content\">\n    <div>\n      \n           \n    \n  \n      \n      \n    <div class=\"uc_post_title\"><a href=\"https:\/\/www.naisimachinery.com\/fr\/product\/semi-automatic-vacuum-capping-machine\"><div>Machine \u00e0 boucher sous vide semi-automatique<\/div><\/a><\/div>\t\n    \n     \n     \n          <div class=\"ue-meta-data\">\n                        \n                        \n            \n                        \n                        \n                        \n                        \n            \t\t\t\n              \n            \n          <\/div>\n     \n      \n      \n      \n          \t<\/div>\n  <\/div>\n<\/div>\n<br \/>\n<b>Warning<\/b>:  Undefined array key 0 in <b>\/www\/wwwroot\/naisimachinery.com\/wp-content\/themes\/astra-child\/functions.php<\/b> on line <b>166<\/b><br \/>\n\n\n\n<div class=\"uc_post_grid_style_one_item ue_post_grid_item ue-item\">\n  \n   <a class=\"uc_post_grid_style_one_image\" href=\"https:\/\/www.naisimachinery.com\/fr\/product\/four-head-magnetic-pump-filling-machine\">\n   <div class=\"uc_post_image\" style=\"background-image: url(                                                               https:\/\/www.naisimachinery.com\/wp-content\/uploads\/2026\/02\/filling-machine-2.jpg                                                            )\">\n     <div class=\"uc_post_image_overlay\"><\/div>\n   <\/div>\n  <\/a>\n   \n <div class=\"uc_content\">\n    <div>\n      \n           \n    \n  \n      \n      \n    <div class=\"uc_post_title\"><a href=\"https:\/\/www.naisimachinery.com\/fr\/product\/four-head-magnetic-pump-filling-machine\"><div>Machine de remplissage \u00e0 pompe magn\u00e9tique \u00e0 quatre t\u00eates<\/div><\/a><\/div>\t\n    \n     \n     \n          <div class=\"ue-meta-data\">\n                        \n                        \n            \n                        \n                        \n                        \n                        \n            \t\t\t\n              \n            \n          <\/div>\n     \n      \n      \n      \n          \t<\/div>\n  <\/div>\n<\/div>\n<br \/>\n<b>Warning<\/b>:  Undefined array key 0 in <b>\/www\/wwwroot\/naisimachinery.com\/wp-content\/themes\/astra-child\/functions.php<\/b> on line <b>166<\/b><br \/>\n\n\n\n<div class=\"uc_post_grid_style_one_item ue_post_grid_item ue-item\">\n  \n   <a class=\"uc_post_grid_style_one_image\" href=\"https:\/\/www.naisimachinery.com\/fr\/product\/single-head-automatic-pouch-filling-machine\">\n   <div class=\"uc_post_image\" style=\"background-image: url(                                                               https:\/\/www.naisimachinery.com\/wp-content\/uploads\/2026\/02\/BIB-filling-machine-12.jpg                                                            )\">\n     <div class=\"uc_post_image_overlay\"><\/div>\n   <\/div>\n  <\/a>\n   \n <div class=\"uc_content\">\n    <div>\n      \n           \n    \n  \n      \n      \n    <div class=\"uc_post_title\"><a href=\"https:\/\/www.naisimachinery.com\/fr\/product\/single-head-automatic-pouch-filling-machine\"><div>Remplisseuse automatique de sachets \u00e0 une t\u00eate<\/div><\/a><\/div>\t\n    \n     \n     \n          <div class=\"ue-meta-data\">\n                        \n                        \n            \n                        \n                        \n                        \n                        \n            \t\t\t\n              \n            \n          <\/div>\n     \n      \n      \n      \n          \t<\/div>\n  <\/div>\n<\/div>\n<br \/>\n<b>Warning<\/b>:  Undefined array key 0 in <b>\/www\/wwwroot\/naisimachinery.com\/wp-content\/themes\/astra-child\/functions.php<\/b> on line <b>166<\/b><br \/>\n\n\n\n<div class=\"uc_post_grid_style_one_item ue_post_grid_item ue-item\">\n  \n   <a class=\"uc_post_grid_style_one_image\" href=\"https:\/\/www.naisimachinery.com\/fr\/product\/semi-automatic-carton-in-bag-filling-machine\">\n   <div class=\"uc_post_image\" style=\"background-image: url(                                                               https:\/\/www.naisimachinery.com\/wp-content\/uploads\/2026\/02\/BIB-3.jpg                                                            )\">\n     <div class=\"uc_post_image_overlay\"><\/div>\n   <\/div>\n  <\/a>\n   \n <div class=\"uc_content\">\n    <div>\n      \n           \n    \n  \n      \n      \n    <div class=\"uc_post_title\"><a href=\"https:\/\/www.naisimachinery.com\/fr\/product\/semi-automatic-carton-in-bag-filling-machine\"><div>Machine semi-automatique de remplissage de cartons dans des sacs<\/div><\/a><\/div>\t\n    \n     \n     \n          <div class=\"ue-meta-data\">\n                        \n                        \n            \n                        \n                        \n                        \n                        \n            \t\t\t\n              \n            \n          <\/div>\n     \n      \n      \n      \n          \t<\/div>\n  <\/div>\n<\/div>\n\n\t\t<\/div>\n\t<\/div>\n\n\n\n  <div id=\"uc_post_grid_elementor_30c0430_empty_message\" class=\"ue-no-posts-found\"  style=\"display:none\" >Aucun poste trouv\u00e9<\/div>\n\n\n<!-- end Post Grid -->\t\t\t\t<\/div>\n\t\t\t\t<\/div>\n\t\t\t\t\t<\/div>\n\t\t<\/div>\n\t\t\t\t\t<\/div>\n\t\t<\/section>\n\t\t\t\t\t<\/div>\n\t\t<\/div>\n\t\t\t\t\t<\/div>\n\t\t<\/section>\n\t\t\t\t<\/div>","protected":false},"excerpt":{"rendered":"<p>Slide HeadingLorem ipsum dolor sit amet, consectetur adipiscing elit. Ut elit tellus, luctus nec ullamcorper mattis, pulvinar dapibus leo.Click HereSlide HeadingLorem ipsum dolor sit amet, consectetur adipiscing elit. Ut elit tellus, luctus nec ullamcorper mattis, pulvinar dapibus leo.Click Here Product Center Our company mainly produces and sells various filling machines, capping machines, labeling machines and [&hellip;]<\/p>\n","protected":false},"author":1,"featured_media":964,"parent":0,"menu_order":0,"comment_status":"closed","ping_status":"closed","template":"","meta":{"_acf_changed":false,"om_disable_all_campaigns":false,"_monsterinsights_skip_tracking":false,"_monsterinsights_sitenote_active":false,"_monsterinsights_sitenote_note":"","_monsterinsights_sitenote_category":0,"site-sidebar-layout":"no-sidebar","site-content-layout":"page-builder","ast-site-content-layout":"full-width-container","site-content-style":"unboxed","site-sidebar-style":"unboxed","ast-global-header-display":"","ast-banner-title-visibility":"","ast-main-header-display":"","ast-hfb-above-header-display":"","ast-hfb-below-header-display":"","ast-hfb-mobile-header-display":"","site-post-title":"disabled","ast-breadcrumbs-content":"","ast-featured-img":"disabled","footer-sml-layout":"","theme-transparent-header-meta":"default","adv-header-id-meta":"","stick-header-meta":"default","header-above-stick-meta":"","header-main-stick-meta":"","header-below-stick-meta":"","astra-migrate-meta-layouts":"set","ast-page-background-enabled":"default","ast-page-background-meta":{"desktop":{"background-color":"var(--ast-global-color-4)","background-image":"","background-repeat":"repeat","background-position":"center center","background-size":"auto","background-attachment":"scroll","background-type":"","background-media":"","overlay-type":"","overlay-color":"","overlay-opacity":"","overlay-gradient":""},"tablet":{"background-color":"","background-image":"","background-repeat":"repeat","background-position":"center center","background-size":"auto","background-attachment":"scroll","background-type":"","background-media":"","overlay-type":"","overlay-color":"","overlay-opacity":"","overlay-gradient":""},"mobile":{"background-color":"","background-image":"","background-repeat":"repeat","background-position":"center center","background-size":"auto","background-attachment":"scroll","background-type":"","background-media":"","overlay-type":"","overlay-color":"","overlay-opacity":"","overlay-gradient":""}},"ast-content-background-meta":{"desktop":{"background-color":"var(--ast-global-color-5)","background-image":"","background-repeat":"repeat","background-position":"center center","background-size":"auto","background-attachment":"scroll","background-type":"","background-media":"","overlay-type":"","overlay-color":"","overlay-opacity":"","overlay-gradient":""},"tablet":{"background-color":"var(--ast-global-color-5)","background-image":"","background-repeat":"repeat","background-position":"center center","background-size":"auto","background-attachment":"scroll","background-type":"","background-media":"","overlay-type":"","overlay-color":"","overlay-opacity":"","overlay-gradient":""},"mobile":{"background-color":"var(--ast-global-color-5)","background-image":"","background-repeat":"repeat","background-position":"center center","background-size":"auto","background-attachment":"scroll","background-type":"","background-media":"","overlay-type":"","overlay-color":"","overlay-opacity":"","overlay-gradient":""}},"footnotes":""},"class_list":["post-9","page","type-page","status-publish","has-post-thumbnail","hentry"],"acf":[],"aioseo_notices":[],"_links":{"self":[{"href":"https:\/\/www.naisimachinery.com\/fr\/wp-json\/wp\/v2\/pages\/9","targetHints":{"allow":["GET"]}}],"collection":[{"href":"https:\/\/www.naisimachinery.com\/fr\/wp-json\/wp\/v2\/pages"}],"about":[{"href":"https:\/\/www.naisimachinery.com\/fr\/wp-json\/wp\/v2\/types\/page"}],"author":[{"embeddable":true,"href":"https:\/\/www.naisimachinery.com\/fr\/wp-json\/wp\/v2\/users\/1"}],"replies":[{"embeddable":true,"href":"https:\/\/www.naisimachinery.com\/fr\/wp-json\/wp\/v2\/comments?post=9"}],"version-history":[{"count":10,"href":"https:\/\/www.naisimachinery.com\/fr\/wp-json\/wp\/v2\/pages\/9\/revisions"}],"predecessor-version":[{"id":981,"href":"https:\/\/www.naisimachinery.com\/fr\/wp-json\/wp\/v2\/pages\/9\/revisions\/981"}],"wp:featuredmedia":[{"embeddable":true,"href":"https:\/\/www.naisimachinery.com\/fr\/wp-json\/wp\/v2\/media\/964"}],"wp:attachment":[{"href":"https:\/\/www.naisimachinery.com\/fr\/wp-json\/wp\/v2\/media?parent=9"}],"curies":[{"name":"wp","href":"https:\/\/api.w.org\/{rel}","templated":true}]}}